{"id":612,"date":"2024-08-26T10:07:08","date_gmt":"2024-08-26T08:07:08","guid":{"rendered":"https:\/\/gyorietouni.hu\/?page_id=612"},"modified":"2024-09-13T08:57:18","modified_gmt":"2024-09-13T06:57:18","slug":"sajto","status":"publish","type":"page","link":"https:\/\/gyorietouni.hu\/hu\/sajto\/","title":{"rendered":"Sajt\u00f3"},"content":{"rendered":"\n<p class=\"margin-class\">Szeretn\u00e9nk felh\u00edvni valamennyi sajt\u00f3munkat\u00e1rs figyelm\u00e9t, hogy a Gy\u0151ri ETO-UNI FKC Kft. \u00e1ltal rendezett k\u00e9zilabda m\u00e9rk\u0151z\u00e9sekre\u202fa Magvassy Mih\u00e1ly Sportcsarnokba \u00e9s az Audi Ar\u00e9na Gy\u0151rbe kiz\u00e1r\u00f3lag el\u0151zetes akkredit\u00e1ci\u00f3 ut\u00e1n lehet csak bejutni.&nbsp;<\/p>\n\n\n\n<p class=\"margin-class\">K\u00e9r\u00fcnk mindenkit, hogy a Gy\u0151ri ETO-UNI FKC Kft. \u00e1ltal rendezett k\u00e9zilabda m\u00e9rk\u0151z\u00e9sekre akkredit\u00e1ci\u00f3s sz\u00e1nd\u00e9k\u00e1t legk\u00e9s\u0151bb a m\u00e9rk\u0151z\u00e9s el\u0151tt 48 \u00f3r\u00e1val adj\u00e1k le a <a href=\"mailto:pulai.saci@gyorietouni.hu\" target=\"_blank\" rel=\"noreferrer noopener\">pulai.saci@gyorietouni.hu<\/a> e-mailen, ellenkez\u0151 esetben nem tudunk bejut\u00e1st biztos\u00edtani a tal\u00e1lkoz\u00f3ra.\u00a0<\/p>\n\n\n\n<p class=\"margin-class\">Egy\u00fcttm\u0171k\u00f6d\u00e9s\u00fcket \u00e9s meg\u00e9rt\u00e9s\u00fcket k\u00f6sz\u00f6nj\u00fck!&nbsp;<\/p>\n\n\n\n<p class=\"margin-class\">A m\u00e9dia akkredit\u00e1ci\u00f3 a m\u00e9rk\u0151z\u00e9s el\u0151tt legkor\u00e1bban 60 perccel a m\u00e9dia bej\u00e1ratn\u00e1l vehet\u0151 \u00e1t.&nbsp;&nbsp;<\/p>\n\n\n\n<p class=\"margin-class\">A fot\u00f3sok kiz\u00e1r\u00f3lag a klub \u00e1ltal kibocs\u00e1tott, sorsz\u00e1mozott fot\u00f3smell\u00e9nyben jogosultak a m\u00e9rk\u0151z\u00e9s sor\u00e1n k\u00e9peket k\u00e9sz\u00edteni. A sorsz\u00e1mozott fot\u00f3smell\u00e9ny az akkredit\u00e1ci\u00f3khoz hasonl\u00f3an a m\u00e9diabej\u00e1ratn\u00e1l vehet\u0151 \u00e1t al\u00e1\u00edr\u00e1s ellen\u00e9ben. A tal\u00e1lkoz\u00f3t k\u00f6vet\u0151en a M\u00c9DIA\/FOT\u00d3 akkredit\u00e1ci\u00f3kat \u00e9s fot\u00f3smell\u00e9nyeket ugyanitt kell leadni.\u00a0<\/p>\n\n\n\n<p class=\"margin-class\"><strong>FONTOS INFORM\u00c1CI\u00d3K<\/strong>&nbsp;<\/p>\n\n\n\n<p class=\"margin-class\">A sajt\u00f3 sz\u00e1m\u00e1ra fenntartott helyek a M\u00e9diah\u00eddon helyezkednek el.&nbsp;<\/p>\n\n\n\n<p class=\"margin-class\">Az akkredit\u00e1ci\u00f3s k\u00e1rty\u00e1t k\u00e9rj\u00fck minden esetben felvenni, azt a munkav\u00e9gz\u00e9s teljes id\u0151tartama alatt viselni, a m\u00e9rk\u0151z\u00e9s v\u00e9g\u00e9n pedig a recepci\u00f3n leadni!&nbsp;<\/p>\n\n\n\n<p class=\"margin-class\">A m\u00e9rk\u0151z\u00e9sek ut\u00e1ni sajt\u00f3t\u00e1j\u00e9koztat\u00f3t az \u00e9p\u00fclet M\u00e9diaterm\u00e9ben tartjuk, a m\u00e9rk\u0151z\u00e9s lef\u00faj\u00e1sa ut\u00e1n 10-15 perccel, ig\u00e9ny eset\u00e9n itt k\u00e9sz\u00edthet\u0151k interj\u00fak a j\u00e1t\u00e9kosokkal is.\u202f&nbsp;<\/p>\n\n\n\n<p class=\"margin-class\">A Magvassy Mih\u00e1ly Sportcsarnokba bel\u00e9p\u0151 \u00fajs\u00e1g\u00edr\u00f3 \u00e9s\/vagy fot\u00f3s az\u202fakkredit\u00e1ci\u00f3s k\u00e9relem lead\u00e1s\u00e1val kijelenti, hogy r\u00e1\u202fvonatkoz\u00f3 p\u00e1lyarendszab\u00e1lyait ismeri, elfogadja \u00e9s betartja. Ezek k\u00f6z\u00fcl a legfontosabbak:&nbsp;<\/p>\n\n\n\n<p class=\"margin-class\">A bel\u00e9p\u00e9skor akkredit\u00e1ci\u00f3j\u00e1t felveszi, viseli, a biztons\u00e1gi szolg\u00e1lat k\u00e9r\u00e9s\u00e9re ellen\u0151rz\u00e9sre felmutatja.&nbsp;<\/p>\n\n\n\n<p class=\"margin-class\">Az akkredit\u00e1ci\u00f3s k\u00e1rty\u00e1t a m\u00e9rk\u0151z\u00e9s ut\u00e1n k\u00f6telez\u0151 leadni!&nbsp;<\/p>\n\n\n\n<p class=\"margin-class\">A sajt\u00f3akkredit\u00e1ci\u00f3 k\u00fcl\u00f6n enged\u00e9ly n\u00e9lk\u00fcl nem \u00e9rv\u00e9nyes a klubvezet\u00e9s, a j\u00e1t\u00e9kosok \u00e9s a vend\u00e9gek \u00e1ltal haszn\u00e1lt ter\u00fcletre.&nbsp;<\/p>\n\n\n\n<p class=\"margin-class\">Nem l\u00e9p a j\u00e1t\u00e9kt\u00e9rre a m\u00e9rk\u0151z\u00e9s el\u0151tt, alatt \u00e9s ut\u00e1na.&nbsp;<\/p>\n\n\n\n<p class=\"margin-class\">Nem l\u00e9p a csapatok \u00f6lt\u00f6z\u0151j\u00e9be semmilyen esetben sem.&nbsp;<\/p>\n\n\n\n<p class=\"margin-class\">Csak a sz\u00e1m\u00e1ra kijel\u00f6lt helyen tart\u00f3zkodik, v\u00e9gzi munk\u00e1j\u00e1t \u00e9s k\u00f6zlekedik.&nbsp;<\/p>\n\n\n\n<p class=\"margin-class\">Nem k\u00e9sz\u00edt mag\u00e1nc\u00e9lra semmilyen anyagot (fot\u00f3, mozg\u00f3k\u00e9p, vide\u00f3, stb.) a m\u00e9rk\u0151z\u00e9s el\u0151tt, alatt \u00e9s ut\u00e1n, kiz\u00e1r\u00f3lag az \u0151t akkredit\u00e1l\u00f3 m\u00e9dium sz\u00e1m\u00e1ra.&nbsp;<\/p>\n\n\n\n<p class=\"margin-class\">A fot\u00f3sok a sz\u00e1mukra biztos\u00edtott megk\u00fcl\u00f6nb\u00f6ztet\u0151 mell\u00e9nyt csak rendeltet\u00e9sszer\u0171en, azaz a fels\u0151 ruh\u00e1zat f\u00f6l\u00f6tt haszn\u00e1lj\u00e1k \u00e9s a m\u00e9rk\u0151z\u00e9s v\u00e9gezt\u00e9vel leadj\u00e1k.&nbsp;<\/p>\n\n\n\n<p class=\"margin-class\">A fot\u00f3sok munkav\u00e9gz\u00e9s\u00fck sor\u00e1n m\u0171k\u00f6d\u00e9s\u00fckkel nem zavarhatj\u00e1k a telev\u00edzi\u00f3s k\u00f6zvet\u00edt\u00e9st, nem akad\u00e1lyozhatj\u00e1k az MKSZ hivatalos m\u00e9diafel\u00fcleteinek l\u00e1that\u00f3s\u00e1g\u00e1t.&nbsp;<\/p>\n\n\n\n<p class=\"margin-class\">A biztons\u00e1gi szolg\u00e1lat k\u00e9r\u00e9seit elfogadja, utas\u00edt\u00e1sait betartja: mozg\u00e1s\u00e1val, viselked\u00e9s\u00e9vel nem akad\u00e1lyozza a rendez\u0151k \u00e9s a biztons\u00e1gi szem\u00e9lyzet munk\u00e1j\u00e1t.&nbsp;<\/p>\n\n\n\n<p class=\"margin-class\" style=\"margin-bottom:var(--wp--preset--spacing--50)\">Az akkredit\u00e1ci\u00f3 csak az akkredit\u00e1lt szem\u00e9lyre vonatkozik, m\u00e1s szem\u00e9ly nem haszn\u00e1lhatja.&nbsp;<\/p>\n","protected":false},"excerpt":{"rendered":"<p>Szeretn\u00e9nk felh\u00edvni valamennyi sajt\u00f3munkat\u00e1rs figyelm\u00e9t, hogy a Gy\u0151ri ETO-UNI FKC Kft. \u00e1ltal rendezett k\u00e9zilabda m\u00e9rk\u0151z\u00e9sekre\u202fa Magvassy Mih\u00e1ly Sportcsarnokba \u00e9s az Audi Ar\u00e9na Gy\u0151rbe kiz\u00e1r\u00f3lag el\u0151zetes akkredit\u00e1ci\u00f3 ut\u00e1n lehet csak bejutni.&nbsp; K\u00e9r\u00fcnk mindenkit, hogy a Gy\u0151ri ETO-UNI FKC Kft. \u00e1ltal rendezett k\u00e9zilabda m\u00e9rk\u0151z\u00e9sekre akkredit\u00e1ci\u00f3s sz\u00e1nd\u00e9k\u00e1t legk\u00e9s\u0151bb a m\u00e9rk\u0151z\u00e9s el\u0151tt 48 \u00f3r\u00e1val adj\u00e1k le a pulai.saci@gyorietouni.hu e-mailen, [&hellip;]<\/p>\n","protected":false},"author":2,"featured_media":0,"parent":0,"menu_order":0,"comment_status":"closed","ping_status":"closed","template":"","meta":{"ngg_post_thumbnail":0,"footnotes":""},"class_list":["post-612","page","type-page","status-publish","hentry"],"_links":{"self":[{"href":"https:\/\/gyorietouni.hu\/hu\/wp-json\/wp\/v2\/pages\/612","targetHints":{"allow":["GET"]}}],"collection":[{"href":"https:\/\/gyorietouni.hu\/hu\/wp-json\/wp\/v2\/pages"}],"about":[{"href":"https:\/\/gyorietouni.hu\/hu\/wp-json\/wp\/v2\/types\/page"}],"author":[{"embeddable":true,"href":"https:\/\/gyorietouni.hu\/hu\/wp-json\/wp\/v2\/users\/2"}],"replies":[{"embeddable":true,"href":"https:\/\/gyorietouni.hu\/hu\/wp-json\/wp\/v2\/comments?post=612"}],"version-history":[{"count":7,"href":"https:\/\/gyorietouni.hu\/hu\/wp-json\/wp\/v2\/pages\/612\/revisions"}],"predecessor-version":[{"id":2754,"href":"https:\/\/gyorietouni.hu\/hu\/wp-json\/wp\/v2\/pages\/612\/revisions\/2754"}],"wp:attachment":[{"href":"https:\/\/gyorietouni.hu\/hu\/wp-json\/wp\/v2\/media?parent=612"}],"curies":[{"name":"wp","href":"https:\/\/api.w.org\/{rel}","templated":true}]}}