{"id":598,"date":"2024-08-26T10:05:50","date_gmt":"2024-08-26T08:05:50","guid":{"rendered":"https:\/\/gyorietouni.hu\/?page_id=598"},"modified":"2026-02-05T16:03:08","modified_gmt":"2026-02-05T14:03:08","slug":"csapat","status":"publish","type":"page","link":"https:\/\/gyorietouni.hu\/hu\/csapat\/","title":{"rendered":"Csapat"},"content":{"rendered":"\n<div class=\"wp-block-group has-global-padding is-layout-constrained wp-block-group-is-layout-constrained\" style=\"margin-bottom:var(--wp--preset--spacing--40)\">\n<div class=\"wp-block-group is-content-justification-space-between is-nowrap is-layout-flex wp-container-core-group-is-layout-bd0739c5 wp-block-group-is-layout-flex\" style=\"padding-top:var(--wp--preset--spacing--20);padding-bottom:0\">\n<h4 class=\"wp-block-heading vertical-line has-open-sans-font-family\" style=\"font-size:clamp(0.875rem, 0.875rem + ((1vw - 0.2rem) * 0.542), 1.2rem);font-style:normal;font-weight:700;letter-spacing:-1px;text-transform:uppercase\">Csapat 2024\/2025<\/h4>\n<\/div>\n\n\n\n<hr class=\"wp-block-separator has-alpha-channel-opacity is-style-wide\" style=\"margin-top:5px\"\/>\n\n\n\n<div class=\"wp-block-group has-global-padding is-layout-constrained wp-block-group-is-layout-constrained\">\n<div class=\"wp-block-group is-nowrap is-layout-flex wp-container-core-group-is-layout-6c531013 wp-block-group-is-layout-flex\">\n<figure class=\"wp-block-image size-large\"><img loading=\"lazy\" decoding=\"async\" width=\"1024\" height=\"665\" src=\"https:\/\/gyorietouni.hu\/wp-content\/uploads\/2026_01_28_Csapat-kepek-01-1024x665.jpg\" alt=\"\" class=\"wp-image-4755\" srcset=\"https:\/\/gyorietouni.hu\/wp-content\/uploads\/2026_01_28_Csapat-kepek-01-1024x665.jpg 1024w, https:\/\/gyorietouni.hu\/wp-content\/uploads\/2026_01_28_Csapat-kepek-01-300x195.jpg 300w, https:\/\/gyorietouni.hu\/wp-content\/uploads\/2026_01_28_Csapat-kepek-01-768x499.jpg 768w, https:\/\/gyorietouni.hu\/wp-content\/uploads\/2026_01_28_Csapat-kepek-01-1536x998.jpg 1536w, https:\/\/gyorietouni.hu\/wp-content\/uploads\/2026_01_28_Csapat-kepek-01-2048x1330.jpg 2048w, https:\/\/gyorietouni.hu\/wp-content\/uploads\/2026_01_28_Csapat-kepek-01-18x12.jpg 18w\" sizes=\"auto, (max-width: 1024px) 100vw, 1024px\" \/><\/figure>\n<\/div>\n\n\n\n<div class=\"wp-block-group is-nowrap is-layout-flex wp-container-core-group-is-layout-6c531013 wp-block-group-is-layout-flex\">\n<h2 class=\"wp-block-heading has-anton-font-family\" style=\"text-transform:uppercase\">Kapusok<\/h2>\n<\/div>\n\n\n\n<div class=\"wp-block-group is-content-justification-left is-nowrap is-layout-flex wp-container-core-group-is-layout-f92e0769 wp-block-group-is-layout-flex\">\n<div class=\"wp-block-group has-global-padding is-content-justification-center is-layout-constrained wp-container-core-group-is-layout-4f8bfad2 wp-block-group-is-layout-constrained\">\n<div class=\"wp-block-group has-global-padding is-layout-constrained wp-container-core-group-is-layout-eb6141ef wp-block-group-is-layout-constrained\" style=\"margin-bottom:0\">\n<figure class=\"wp-block-image size-full custom-image custom-image-figure\"><img decoding=\"async\" src=\"https:\/\/gyorietouni.hu\/wp-content\/uploads\/Pasztor-3.png\" alt=\"\" class=\"wp-image-4195\"\/><\/figure>\n\n\n\n<p class=\"custom-image-text\"><\/p>\n<\/div>\n<\/div>\n\n\n\n<div class=\"wp-block-group has-global-padding is-content-justification-center is-layout-constrained wp-container-core-group-is-layout-4f8bfad2 wp-block-group-is-layout-constrained\">\n<div class=\"wp-block-group has-global-padding is-layout-constrained wp-block-group-is-layout-constrained\">\n<figure class=\"wp-block-image size-full custom-image custom-image-figure\"><img decoding=\"async\" src=\"https:\/\/gyorietouni.hu\/wp-content\/uploads\/Brasen-2.png\" alt=\"\" class=\"wp-image-4191\"\/><\/figure>\n\n\n\n<p class=\"custom-image-text\"><\/p>\n<\/div>\n<\/div>\n<\/div>\n\n\n\n<div class=\"wp-block-group is-nowrap is-layout-flex wp-container-core-group-is-layout-6c531013 wp-block-group-is-layout-flex\">\n<h2 class=\"wp-block-heading has-anton-font-family\" style=\"text-transform:uppercase\">\u00c1tl\u00f6v\u0151k<\/h2>\n<\/div>\n\n\n\n<div class=\"wp-block-group is-content-justification-space-between is-nowrap is-layout-flex wp-container-core-group-is-layout-cb46ffcb wp-block-group-is-layout-flex\">\n<div class=\"wp-block-group has-global-padding is-content-justification-center is-layout-constrained wp-container-core-group-is-layout-4f8bfad2 wp-block-group-is-layout-constrained\">\n<div class=\"wp-block-group has-global-padding is-layout-constrained wp-block-group-is-layout-constrained\">\n\n\n<p class=\"custom-image-text\"><\/p>\n<\/div>\n<\/div>\n\n\n\n<div class=\"wp-block-group has-global-padding is-content-justification-center is-layout-constrained wp-container-core-group-is-layout-4f8bfad2 wp-block-group-is-layout-constrained\">\n<div class=\"wp-block-group has-global-padding is-layout-constrained wp-block-group-is-layout-constrained\">\n\n\n<p class=\"custom-image-text\"><\/p>\n<\/div>\n<\/div>\n\n\n\n<div class=\"wp-block-group has-global-padding is-content-justification-center is-layout-constrained wp-container-core-group-is-layout-4f8bfad2 wp-block-group-is-layout-constrained\">\n<div class=\"wp-block-group has-global-padding is-layout-constrained wp-block-group-is-layout-constrained\">\n\n\n<p class=\"custom-image-text\"><\/p>\n<\/div>\n<\/div>\n<\/div>\n\n\n\n<div class=\"wp-block-group is-content-justification-space-between is-nowrap is-layout-flex wp-container-core-group-is-layout-cb46ffcb wp-block-group-is-layout-flex\">\n<div class=\"wp-block-group has-global-padding is-content-justification-center is-layout-constrained wp-container-core-group-is-layout-4f8bfad2 wp-block-group-is-layout-constrained\">\n<div class=\"wp-block-group has-global-padding is-layout-constrained wp-block-group-is-layout-constrained\">\n<figure class=\"wp-block-image size-full custom-image custom-image-figure\"><img loading=\"lazy\" decoding=\"async\" width=\"464\" height=\"441\" src=\"https:\/\/gyorietouni.hu\/wp-content\/uploads\/Kepernyokep-2024-08-28-131216.png\" alt=\"\" class=\"wp-image-1553\" srcset=\"https:\/\/gyorietouni.hu\/wp-content\/uploads\/Kepernyokep-2024-08-28-131216.png 464w, https:\/\/gyorietouni.hu\/wp-content\/uploads\/Kepernyokep-2024-08-28-131216-300x285.png 300w\" sizes=\"auto, (max-width: 464px) 100vw, 464px\" \/><\/figure>\n\n\n\n<p class=\"custom-image-text\">#5 <span class=\"vertical-line\"><\/span>Lang Zal\u00e1n<\/p>\n<\/div>\n<\/div>\n\n\n\n<div class=\"wp-block-group has-global-padding is-content-justification-center is-layout-constrained wp-container-core-group-is-layout-4f8bfad2 wp-block-group-is-layout-constrained\">\n<div class=\"wp-block-group has-global-padding is-layout-constrained wp-block-group-is-layout-constrained\">\n<figure class=\"wp-block-image size-full custom-image custom-image-figure\"><img loading=\"lazy\" decoding=\"async\" width=\"464\" height=\"441\" src=\"https:\/\/gyorietouni.hu\/wp-content\/uploads\/Kepernyokep-2024-08-28-131216.png\" alt=\"\" class=\"wp-image-1553\" srcset=\"https:\/\/gyorietouni.hu\/wp-content\/uploads\/Kepernyokep-2024-08-28-131216.png 464w, https:\/\/gyorietouni.hu\/wp-content\/uploads\/Kepernyokep-2024-08-28-131216-300x285.png 300w\" sizes=\"auto, (max-width: 464px) 100vw, 464px\" \/><\/figure>\n\n\n\n<p class=\"custom-image-text\">#5 <span class=\"vertical-line\"><\/span>Milos Bozovic<\/p>\n<\/div>\n<\/div>\n\n\n\n<div class=\"wp-block-group has-global-padding is-content-justification-center is-layout-constrained wp-container-core-group-is-layout-4f8bfad2 wp-block-group-is-layout-constrained\">\n<div class=\"wp-block-group has-global-padding is-layout-constrained wp-block-group-is-layout-constrained\">\n<figure class=\"wp-block-image size-full custom-image custom-image-figure\"><img loading=\"lazy\" decoding=\"async\" width=\"464\" height=\"441\" src=\"https:\/\/gyorietouni.hu\/wp-content\/uploads\/Kepernyokep-2024-08-28-131216.png\" alt=\"\" class=\"wp-image-1553\" srcset=\"https:\/\/gyorietouni.hu\/wp-content\/uploads\/Kepernyokep-2024-08-28-131216.png 464w, https:\/\/gyorietouni.hu\/wp-content\/uploads\/Kepernyokep-2024-08-28-131216-300x285.png 300w\" sizes=\"auto, (max-width: 464px) 100vw, 464px\" \/><\/figure>\n\n\n\n<p class=\"custom-image-text\">#5 <span class=\"vertical-line\"><\/span>Patryk Pieczonka<\/p>\n<\/div>\n<\/div>\n<\/div>\n\n\n\n<div class=\"wp-block-group is-content-justification-left is-nowrap is-layout-flex wp-container-core-group-is-layout-5af2f713 wp-block-group-is-layout-flex\" style=\"padding-right:0;padding-left:0\">\n<div class=\"wp-block-group has-global-padding is-content-justification-center is-layout-constrained wp-container-core-group-is-layout-4f8bfad2 wp-block-group-is-layout-constrained\">\n<div class=\"wp-block-group has-global-padding is-layout-constrained wp-block-group-is-layout-constrained\">\n<figure class=\"wp-block-image size-full custom-image custom-image-figure\"><img loading=\"lazy\" decoding=\"async\" width=\"464\" height=\"441\" src=\"https:\/\/gyorietouni.hu\/wp-content\/uploads\/Kepernyokep-2024-08-28-131216.png\" alt=\"\" class=\"wp-image-1553\" srcset=\"https:\/\/gyorietouni.hu\/wp-content\/uploads\/Kepernyokep-2024-08-28-131216.png 464w, https:\/\/gyorietouni.hu\/wp-content\/uploads\/Kepernyokep-2024-08-28-131216-300x285.png 300w\" sizes=\"auto, (max-width: 464px) 100vw, 464px\" \/><\/figure>\n\n\n\n<p class=\"custom-image-text\">#5 <span class=\"vertical-line\"><\/span>Sikler Krist\u00f3f<\/p>\n<\/div>\n<\/div>\n\n\n\n<div class=\"wp-block-group has-global-padding is-content-justification-center is-layout-constrained wp-container-core-group-is-layout-4f8bfad2 wp-block-group-is-layout-constrained\">\n<div class=\"wp-block-group has-global-padding is-layout-constrained wp-block-group-is-layout-constrained\">\n<figure class=\"wp-block-image size-full custom-image custom-image-figure\"><img loading=\"lazy\" decoding=\"async\" width=\"464\" height=\"441\" src=\"https:\/\/gyorietouni.hu\/wp-content\/uploads\/Kepernyokep-2024-08-28-131216.png\" alt=\"\" class=\"wp-image-1553\" srcset=\"https:\/\/gyorietouni.hu\/wp-content\/uploads\/Kepernyokep-2024-08-28-131216.png 464w, https:\/\/gyorietouni.hu\/wp-content\/uploads\/Kepernyokep-2024-08-28-131216-300x285.png 300w\" sizes=\"auto, (max-width: 464px) 100vw, 464px\" \/><\/figure>\n\n\n\n<p class=\"custom-image-text\">#5 <span class=\"vertical-line\"><\/span>Varga Bence<\/p>\n<\/div>\n<\/div>\n<\/div>\n\n\n\n<div class=\"wp-block-group is-nowrap is-layout-flex wp-container-core-group-is-layout-6c531013 wp-block-group-is-layout-flex\">\n<h2 class=\"wp-block-heading has-anton-font-family\" style=\"text-transform:uppercase\">Sz\u00e9ls\u0151k<\/h2>\n<\/div>\n\n\n\n<div class=\"wp-block-group is-content-justification-space-between is-nowrap is-layout-flex wp-container-core-group-is-layout-cb46ffcb wp-block-group-is-layout-flex\">\n<div class=\"wp-block-group has-global-padding is-content-justification-center is-layout-constrained wp-container-core-group-is-layout-4f8bfad2 wp-block-group-is-layout-constrained\">\n<div class=\"wp-block-group has-global-padding is-layout-constrained wp-block-group-is-layout-constrained\">\n\n\n<p class=\"custom-image-text\"><\/p>\n<\/div>\n<\/div>\n\n\n\n<div class=\"wp-block-group has-global-padding is-content-justification-center is-layout-constrained wp-container-core-group-is-layout-4f8bfad2 wp-block-group-is-layout-constrained\">\n<div class=\"wp-block-group has-global-padding is-layout-constrained wp-block-group-is-layout-constrained\">\n\n\n<p class=\"custom-image-text\"><\/p>\n<\/div>\n<\/div>\n\n\n\n<div class=\"wp-block-group has-global-padding is-content-justification-center is-layout-constrained wp-container-core-group-is-layout-4f8bfad2 wp-block-group-is-layout-constrained\">\n<div class=\"wp-block-group has-global-padding is-layout-constrained wp-block-group-is-layout-constrained\">\n\n\n<p class=\"custom-image-text\"><\/p>\n<\/div>\n<\/div>\n<\/div>\n\n\n\n<div class=\"wp-block-group is-content-justification-left is-nowrap is-layout-flex wp-container-core-group-is-layout-fc9f69e7 wp-block-group-is-layout-flex\">\n<div class=\"wp-block-group has-global-padding is-content-justification-center is-layout-constrained wp-container-core-group-is-layout-4f8bfad2 wp-block-group-is-layout-constrained\">\n<div class=\"wp-block-group has-global-padding is-layout-constrained wp-block-group-is-layout-constrained\">\n\n\n<p class=\"custom-image-text\"><\/p>\n<\/div>\n<\/div>\n<\/div>\n\n\n\n<div class=\"wp-block-group is-nowrap is-layout-flex wp-container-core-group-is-layout-6c531013 wp-block-group-is-layout-flex\">\n<h2 class=\"wp-block-heading has-anton-font-family\" style=\"text-transform:uppercase\">Be\u00e1ll\u00f3k<\/h2>\n<\/div>\n\n\n\n<div class=\"wp-block-group is-content-justification-space-between is-nowrap is-layout-flex wp-container-core-group-is-layout-cb46ffcb wp-block-group-is-layout-flex\">\n<div class=\"wp-block-group has-global-padding is-content-justification-center is-layout-constrained wp-container-core-group-is-layout-4f8bfad2 wp-block-group-is-layout-constrained\">\n<div class=\"wp-block-group has-global-padding is-layout-constrained wp-block-group-is-layout-constrained\">\n\n\n<p class=\"custom-image-text\"><\/p>\n<\/div>\n<\/div>\n\n\n\n<div class=\"wp-block-group has-global-padding is-content-justification-center is-layout-constrained wp-container-core-group-is-layout-4f8bfad2 wp-block-group-is-layout-constrained\">\n<div class=\"wp-block-group has-global-padding is-layout-constrained wp-block-group-is-layout-constrained\">\n\n\n<p class=\"custom-image-text\"><\/p>\n<\/div>\n<\/div>\n\n\n\n<div class=\"wp-block-group has-global-padding is-content-justification-center is-layout-constrained wp-container-core-group-is-layout-4f8bfad2 wp-block-group-is-layout-constrained\">\n<div class=\"wp-block-group has-global-padding is-layout-constrained wp-block-group-is-layout-constrained\">\n\n\n<p class=\"custom-image-text\"><\/p>\n<\/div>\n<\/div>\n<\/div>\n\n\n\n<div class=\"wp-block-group is-content-justification-space-between is-nowrap is-layout-flex wp-container-core-group-is-layout-cb46ffcb wp-block-group-is-layout-flex\">\n<div class=\"wp-block-group has-global-padding is-content-justification-center is-layout-constrained wp-container-core-group-is-layout-4f8bfad2 wp-block-group-is-layout-constrained\">\n<div class=\"wp-block-group has-global-padding is-layout-constrained wp-block-group-is-layout-constrained\">\n<figure class=\"wp-block-image size-full custom-image custom-image-figure\"><img loading=\"lazy\" decoding=\"async\" width=\"464\" height=\"441\" src=\"https:\/\/gyorietouni.hu\/wp-content\/uploads\/Kepernyokep-2024-08-28-131216.png\" alt=\"\" class=\"wp-image-1553\" srcset=\"https:\/\/gyorietouni.hu\/wp-content\/uploads\/Kepernyokep-2024-08-28-131216.png 464w, https:\/\/gyorietouni.hu\/wp-content\/uploads\/Kepernyokep-2024-08-28-131216-300x285.png 300w\" sizes=\"auto, (max-width: 464px) 100vw, 464px\" \/><\/figure>\n\n\n\n<p class=\"custom-image-text\">#5 <span class=\"vertical-line\"><\/span>Uros Vilovski<\/p>\n<\/div>\n<\/div>\n<\/div>\n\n\n\n<div class=\"wp-block-group is-nowrap is-layout-flex wp-container-core-group-is-layout-6c531013 wp-block-group-is-layout-flex\">\n<h2 class=\"wp-block-heading has-anton-font-family\" style=\"text-transform:uppercase\">Ir\u00e1ny\u00edt\u00f3k<\/h2>\n<\/div>\n\n\n\n<div class=\"wp-block-group is-content-justification-space-between is-nowrap is-layout-flex wp-container-core-group-is-layout-2b007078 wp-block-group-is-layout-flex\" style=\"margin-bottom:var(--wp--preset--spacing--20)\">\n<div class=\"wp-block-group has-global-padding is-content-justification-center is-layout-constrained wp-container-core-group-is-layout-4f8bfad2 wp-block-group-is-layout-constrained\">\n<div class=\"wp-block-group has-global-padding is-layout-constrained wp-block-group-is-layout-constrained\">\n\n\n<p class=\"custom-image-text\"><\/p>\n<\/div>\n<\/div>\n\n\n\n<div class=\"wp-block-group has-global-padding is-content-justification-center is-layout-constrained wp-container-core-group-is-layout-4f8bfad2 wp-block-group-is-layout-constrained\">\n<div class=\"wp-block-group has-global-padding is-layout-constrained wp-block-group-is-layout-constrained\">\n\n\n<p class=\"custom-image-text\"><\/p>\n<\/div>\n<\/div>\n\n\n\n<div class=\"wp-block-group has-global-padding is-content-justification-center is-layout-constrained wp-container-core-group-is-layout-4f8bfad2 wp-block-group-is-layout-constrained\">\n<div class=\"wp-block-group has-global-padding is-layout-constrained wp-block-group-is-layout-constrained\">\n\n\n<p class=\"custom-image-text\"><\/p>\n<\/div>\n<\/div>\n<\/div>\n<\/div>\n<\/div>\n","protected":false},"excerpt":{"rendered":"<p>Csapat 2024\/2025 Kapusok \u00c1tl\u00f6v\u0151k #5 Lang Zal\u00e1n #5 Milos Bozovic #5 Patryk Pieczonka #5 Sikler Krist\u00f3f #5 Varga Bence Sz\u00e9ls\u0151k Be\u00e1ll\u00f3k #5 Uros Vilovski Ir\u00e1ny\u00edt\u00f3k<\/p>\n","protected":false},"author":2,"featured_media":4755,"parent":0,"menu_order":0,"comment_status":"closed","ping_status":"closed","template":"team-sablon","meta":{"ngg_post_thumbnail":0,"footnotes":""},"class_list":["post-598","page","type-page","status-publish","has-post-thumbnail","hentry"],"_links":{"self":[{"href":"https:\/\/gyorietouni.hu\/hu\/wp-json\/wp\/v2\/pages\/598","targetHints":{"allow":["GET"]}}],"collection":[{"href":"https:\/\/gyorietouni.hu\/hu\/wp-json\/wp\/v2\/pages"}],"about":[{"href":"https:\/\/gyorietouni.hu\/hu\/wp-json\/wp\/v2\/types\/page"}],"author":[{"embeddable":true,"href":"https:\/\/gyorietouni.hu\/hu\/wp-json\/wp\/v2\/users\/2"}],"replies":[{"embeddable":true,"href":"https:\/\/gyorietouni.hu\/hu\/wp-json\/wp\/v2\/comments?post=598"}],"version-history":[{"count":19,"href":"https:\/\/gyorietouni.hu\/hu\/wp-json\/wp\/v2\/pages\/598\/revisions"}],"predecessor-version":[{"id":4756,"href":"https:\/\/gyorietouni.hu\/hu\/wp-json\/wp\/v2\/pages\/598\/revisions\/4756"}],"wp:featuredmedia":[{"embeddable":true,"href":"https:\/\/gyorietouni.hu\/hu\/wp-json\/wp\/v2\/media\/4755"}],"wp:attachment":[{"href":"https:\/\/gyorietouni.hu\/hu\/wp-json\/wp\/v2\/media?parent=598"}],"curies":[{"name":"wp","href":"https:\/\/api.w.org\/{rel}","templated":true}]}}