{"id":596,"date":"2024-08-26T10:05:25","date_gmt":"2024-08-26T08:05:25","guid":{"rendered":"https:\/\/gyorietouni.hu\/?page_id=596"},"modified":"2024-08-29T11:50:11","modified_gmt":"2024-08-29T09:50:11","slug":"hirek","status":"publish","type":"page","link":"https:\/\/gyorietouni.hu\/hu\/hirek\/","title":{"rendered":"H\u00edrek"},"content":{"rendered":"\n<div class=\"wp-block-query is-layout-flow wp-block-query-is-layout-flow\"><ul class=\"columns-3 wp-block-post-template is-layout-grid wp-container-core-post-template-is-layout-6d3fbd8f wp-block-post-template-is-layout-grid\"><li class=\"wp-block-post post-5426 post type-post status-publish format-standard has-post-thumbnail hentry category-egyeb\">\n<h2 class=\"wp-block-post-title\"><a href=\"https:\/\/gyorietouni.hu\/hu\/2026\/04\/24\/tisztes-helytallas-a-szeged-ellen\/\" target=\"_self\" >Tisztes helyt\u00e1ll\u00e1s a Szeged ellen<\/a><\/h2>\n\n<figure class=\"alignwide wp-block-post-featured-image\"><a href=\"https:\/\/gyorietouni.hu\/hu\/2026\/04\/24\/tisztes-helytallas-a-szeged-ellen\/\" target=\"_self\"  ><img loading=\"lazy\" decoding=\"async\" width=\"1920\" height=\"1280\" src=\"https:\/\/gyorietouni.hu\/wp-content\/uploads\/180300-R5__7239a.jpg\" class=\"attachment-post-thumbnail size-post-thumbnail wp-post-image\" alt=\"Tisztes helyt\u00e1ll\u00e1s a Szeged ellen\" style=\"object-fit:cover;\" srcset=\"https:\/\/gyorietouni.hu\/wp-content\/uploads\/180300-R5__7239a.jpg 1920w, https:\/\/gyorietouni.hu\/wp-content\/uploads\/180300-R5__7239a-300x200.jpg 300w, https:\/\/gyorietouni.hu\/wp-content\/uploads\/180300-R5__7239a-1024x683.jpg 1024w, https:\/\/gyorietouni.hu\/wp-content\/uploads\/180300-R5__7239a-768x512.jpg 768w, https:\/\/gyorietouni.hu\/wp-content\/uploads\/180300-R5__7239a-1536x1024.jpg 1536w, https:\/\/gyorietouni.hu\/wp-content\/uploads\/180300-R5__7239a-18x12.jpg 18w\" sizes=\"auto, (max-width: 1920px) 100vw, 1920px\" \/><\/a><\/figure>\n\n<div class=\"wp-block-post-excerpt\"><p class=\"wp-block-post-excerpt__excerpt\">A K&amp;H F\u00e9rfi Liga 23. fordul\u00f3j\u00e1ban az ETO University az OTP Bank-PICK Szegedet fogadta. Az els\u0151 percben P\u00e1sztor v\u00e9d\u00e9ssel, \u00e9s Stepancic g\u00f3llal indult a tal\u00e1lkoz\u00f3, s\u0151t csapatunk az els\u0151 n\u00e9gy t\u00e1mad\u00e1s\u00e1t egyar\u00e1nt g\u00f3llal fejezte be, igaz a Szeged minden alkalommal v\u00e1laszolt. Az els\u0151 h\u00e9t percben vagy az ETO vezetett, vagy d\u00f6ntetlen volt az \u00e1ll\u00e1s, azt\u00e1n&hellip; <\/p><\/div>\n\n\n<hr class=\"wp-block-separator has-css-opacity\"\/>\n\n\n<div class=\"wp-block-post-date\"><time datetime=\"2026-04-24T20:13:30+02:00\">2026.04.24.<\/time><\/div>\n<\/li><li class=\"wp-block-post post-5423 post type-post status-publish format-standard has-post-thumbnail hentry category-egyeb\">\n<h2 class=\"wp-block-post-title\"><a href=\"https:\/\/gyorietouni.hu\/hu\/2026\/04\/23\/ismet-gyorben-a-szeged\/\" target=\"_self\" >Ism\u00e9t Gy\u0151rben a Szeged<\/a><\/h2>\n\n<figure class=\"alignwide wp-block-post-featured-image\"><a href=\"https:\/\/gyorietouni.hu\/hu\/2026\/04\/23\/ismet-gyorben-a-szeged\/\" target=\"_self\"  ><img loading=\"lazy\" decoding=\"async\" width=\"1920\" height=\"1298\" src=\"https:\/\/gyorietouni.hu\/wp-content\/uploads\/180954-R5__4270.jpg\" class=\"attachment-post-thumbnail size-post-thumbnail wp-post-image\" alt=\"Ism\u00e9t Gy\u0151rben a Szeged\" style=\"object-fit:cover;\" srcset=\"https:\/\/gyorietouni.hu\/wp-content\/uploads\/180954-R5__4270.jpg 1920w, https:\/\/gyorietouni.hu\/wp-content\/uploads\/180954-R5__4270-300x203.jpg 300w, https:\/\/gyorietouni.hu\/wp-content\/uploads\/180954-R5__4270-1024x692.jpg 1024w, https:\/\/gyorietouni.hu\/wp-content\/uploads\/180954-R5__4270-768x519.jpg 768w, https:\/\/gyorietouni.hu\/wp-content\/uploads\/180954-R5__4270-1536x1038.jpg 1536w, https:\/\/gyorietouni.hu\/wp-content\/uploads\/180954-R5__4270-18x12.jpg 18w\" sizes=\"auto, (max-width: 1920px) 100vw, 1920px\" \/><\/a><\/figure>\n\n<div class=\"wp-block-post-excerpt\"><p class=\"wp-block-post-excerpt__excerpt\">Az ETO University Handball Team a K&amp;H Liga 23. fordul\u00f3j\u00e1ban a m\u00e1sodik helyen \u00e1ll\u00f3 OTP Bank-PICK Szegedet fogadja. A k\u00e9k-feh\u00e9rek egy h\u00e9ten bel\u00fcl m\u00e1sodszor l\u00e1togatnak Gy\u0151rbe, hiszen a m\u00falt h\u00e9tv\u00e9g\u00e9n a Magyar Kupa gy\u0151ri n\u00e9gyes d\u00f6nt\u0151j\u00e9ben is \u00e9rdekeltek voltak. A Tisza-partiak az Audi Ar\u00e9n\u00e1ban rendezett minitorna szombati napj\u00e1n d\u00f6ntetlen j\u00e1tszottak a Veszpr\u00e9mmel, majd a hetesp\u00e1rbaj&hellip; <\/p><\/div>\n\n\n<hr class=\"wp-block-separator has-css-opacity\"\/>\n\n\n<div class=\"wp-block-post-date\"><time datetime=\"2026-04-23T17:48:03+02:00\">2026.04.23.<\/time><\/div>\n<\/li><li class=\"wp-block-post post-5419 post type-post status-publish format-standard has-post-thumbnail hentry category-egyeb\">\n<h2 class=\"wp-block-post-title\"><a href=\"https:\/\/gyorietouni.hu\/hu\/2026\/04\/22\/bognar-alex-az-eto-ba-igazol\/\" target=\"_self\" >Bogn\u00e1r Alex az ETO-ba igazol<\/a><\/h2>\n\n<figure class=\"alignwide wp-block-post-featured-image\"><a href=\"https:\/\/gyorietouni.hu\/hu\/2026\/04\/22\/bognar-alex-az-eto-ba-igazol\/\" target=\"_self\"  ><img loading=\"lazy\" decoding=\"async\" width=\"2016\" height=\"1512\" src=\"https:\/\/gyorietouni.hu\/wp-content\/uploads\/IMG_9592.jpg\" class=\"attachment-post-thumbnail size-post-thumbnail wp-post-image\" alt=\"Bogn\u00e1r Alex az ETO-ba igazol\" style=\"object-fit:cover;\" srcset=\"https:\/\/gyorietouni.hu\/wp-content\/uploads\/IMG_9592.jpg 2016w, https:\/\/gyorietouni.hu\/wp-content\/uploads\/IMG_9592-300x225.jpg 300w, https:\/\/gyorietouni.hu\/wp-content\/uploads\/IMG_9592-1024x768.jpg 1024w, https:\/\/gyorietouni.hu\/wp-content\/uploads\/IMG_9592-768x576.jpg 768w, https:\/\/gyorietouni.hu\/wp-content\/uploads\/IMG_9592-1536x1152.jpg 1536w, https:\/\/gyorietouni.hu\/wp-content\/uploads\/IMG_9592-16x12.jpg 16w\" sizes=\"auto, (max-width: 2016px) 100vw, 2016px\" \/><\/a><\/figure>\n\n<div class=\"wp-block-post-excerpt\"><p class=\"wp-block-post-excerpt__excerpt\">2026 nyar\u00e1t\u00f3l Bogn\u00e1r Alex az ETO egy\u00fcttes\u00e9ben folytatja p\u00e1lyafut\u00e1s\u00e1t. A 25 \u00e9ves ir\u00e1ny\u00edt\u00f3-\u00e1tl\u00f6v\u0151 2024-ben igazolt Celj\u00e9be, \u00edgy k\u00e9t id\u00e9ny k\u00fclf\u00f6ldi szerepl\u00e9s ut\u00e1n t\u00e9r vissza az NB I-be, \u00e9s ism\u00e9t a magyar \u00e9lvonalban bizony\u00edthat. K\u00e9t esztend\u0151nyi l\u00e9gi\u00f3skod\u00e1s ut\u00e1n ism\u00e9t Magyarorsz\u00e1gon folytatja p\u00e1lyafut\u00e1s\u00e1t Bogn\u00e1r Alex. A j\u00e1t\u00e9kos jelenlegi csapat\u00e1val \u00e1prilis m\u00e1sodik h\u00e9tv\u00e9gj\u00e9n \u00e9rte el egyik legnagyobb siker\u00e9t,&hellip; <\/p><\/div>\n\n\n<hr class=\"wp-block-separator has-css-opacity\"\/>\n\n\n<div class=\"wp-block-post-date\"><time datetime=\"2026-04-22T16:59:52+02:00\">2026.04.22.<\/time><\/div>\n<\/li><\/ul><\/div>\n","protected":false},"excerpt":{"rendered":"","protected":false},"author":2,"featured_media":0,"parent":0,"menu_order":0,"comment_status":"closed","ping_status":"closed","template":"hirek","meta":{"ngg_post_thumbnail":0,"footnotes":""},"class_list":["post-596","page","type-page","status-publish","hentry"],"_links":{"self":[{"href":"https:\/\/gyorietouni.hu\/hu\/wp-json\/wp\/v2\/pages\/596","targetHints":{"allow":["GET"]}}],"collection":[{"href":"https:\/\/gyorietouni.hu\/hu\/wp-json\/wp\/v2\/pages"}],"about":[{"href":"https:\/\/gyorietouni.hu\/hu\/wp-json\/wp\/v2\/types\/page"}],"author":[{"embeddable":true,"href":"https:\/\/gyorietouni.hu\/hu\/wp-json\/wp\/v2\/users\/2"}],"replies":[{"embeddable":true,"href":"https:\/\/gyorietouni.hu\/hu\/wp-json\/wp\/v2\/comments?post=596"}],"version-history":[{"count":2,"href":"https:\/\/gyorietouni.hu\/hu\/wp-json\/wp\/v2\/pages\/596\/revisions"}],"predecessor-version":[{"id":2083,"href":"https:\/\/gyorietouni.hu\/hu\/wp-json\/wp\/v2\/pages\/596\/revisions\/2083"}],"wp:attachment":[{"href":"https:\/\/gyorietouni.hu\/hu\/wp-json\/wp\/v2\/media?parent=596"}],"curies":[{"name":"wp","href":"https:\/\/api.w.org\/{rel}","templated":true}]}}