{"id":2142,"date":"2024-08-29T13:25:20","date_gmt":"2024-08-29T11:25:20","guid":{"rendered":"https:\/\/gyorietouni.hu\/?page_id=2142"},"modified":"2024-08-29T13:25:20","modified_gmt":"2024-08-29T11:25:20","slug":"utanpotlas-2","status":"publish","type":"page","link":"https:\/\/gyorietouni.hu\/hu\/utanpotlas-2\/","title":{"rendered":"Ut\u00e1np\u00f3tl\u00e1s"},"content":{"rendered":"","protected":false},"excerpt":{"rendered":"","protected":false},"author":4,"featured_media":0,"parent":0,"menu_order":0,"comment_status":"closed","ping_status":"closed","template":"","meta":{"ngg_post_thumbnail":0,"footnotes":""},"class_list":["post-2142","page","type-page","status-publish","hentry"],"_links":{"self":[{"href":"https:\/\/gyorietouni.hu\/hu\/wp-json\/wp\/v2\/pages\/2142","targetHints":{"allow":["GET"]}}],"collection":[{"href":"https:\/\/gyorietouni.hu\/hu\/wp-json\/wp\/v2\/pages"}],"about":[{"href":"https:\/\/gyorietouni.hu\/hu\/wp-json\/wp\/v2\/types\/page"}],"author":[{"embeddable":true,"href":"https:\/\/gyorietouni.hu\/hu\/wp-json\/wp\/v2\/users\/4"}],"replies":[{"embeddable":true,"href":"https:\/\/gyorietouni.hu\/hu\/wp-json\/wp\/v2\/comments?post=2142"}],"version-history":[{"count":1,"href":"https:\/\/gyorietouni.hu\/hu\/wp-json\/wp\/v2\/pages\/2142\/revisions"}],"predecessor-version":[{"id":2143,"href":"https:\/\/gyorietouni.hu\/hu\/wp-json\/wp\/v2\/pages\/2142\/revisions\/2143"}],"wp:attachment":[{"href":"https:\/\/gyorietouni.hu\/hu\/wp-json\/wp\/v2\/media?parent=2142"}],"curies":[{"name":"wp","href":"https:\/\/api.w.org\/{rel}","templated":true}]}}