{"id":1300,"date":"2024-08-27T15:05:53","date_gmt":"2024-08-27T13:05:53","guid":{"rendered":"https:\/\/gyorietouni.hu\/?page_id=1300"},"modified":"2024-12-09T16:32:05","modified_gmt":"2024-12-09T14:32:05","slug":"kapcsolat","status":"publish","type":"page","link":"https:\/\/gyorietouni.hu\/hu\/kapcsolat\/","title":{"rendered":"L\u00e9pjen vel\u00fcnk kapcsolatba"},"content":{"rendered":"\n<div class=\"wp-block-group margin-class is-nowrap is-layout-flex wp-container-core-group-is-layout-6c531013 wp-block-group-is-layout-flex\">\n<div class=\"wp-block-columns wp-container-content-9cfa9a5a is-layout-flex wp-container-core-columns-is-layout-28f84493 wp-block-columns-is-layout-flex\">\n<div class=\"wp-block-column has-global-padding is-layout-constrained wp-block-column-is-layout-constrained\">\n<h2 class=\"wp-block-heading has-contrast-color has-text-color has-link-color has-open-sans-font-family wp-elements-eb85fe5882f3d1d39e6e42acfcf6d70f\">El\u00e9rhet\u0151s\u00e9gek<\/h2>\n\n\n\n<h3 class=\"wp-block-heading has-open-sans-font-family\">E-mail<\/h3>\n\n\n\n<p class=\"contact-detail\"><i class=\"contact-detail-icon fa-solid fa-paper-plane\"><\/i><a href=\"mailto:info@gyorietouni.hu\"> info@gyorietouni.hu<\/a><\/p>\n\n\n\n<h3 class=\"wp-block-heading has-open-sans-font-family\">C\u00edm<\/h3>\n\n\n\n<p class=\"contact-detail\"><i class=\"contact-detail-icon fa-solid fa-location-dot\"><\/i><a href=\"https:\/\/www.google.com\/maps\/place\/Gy%C5%91r,+Nagys%C3%A1ndor+J%C3%B3zsef+u.+31,+9027\/@47.6951753,17.6598202,17z\/data=!3m1!4b1!4m6!3m5!1s0x476bbfbeab98e51d:0xac8a6fbfc12d7ecf!8m2!3d47.6951717!4d17.6623951!16s%2Fg%2F11c25pff7_?authuser=0&#038;entry=ttu&#038;g_ep=EgoyMDI0MTIwNC4wIKXMDSoASAFQAw%3D%3D\" target=\"blank\" rel=\"noopener\"> 9027 Gy\u0151r, Nagys\u00e1ndor J\u00f3zsef u. 31. (ETO Park, 2. emelet)<\/a><\/p>\n<\/div>\n\n\n\n<div class=\"wp-block-column is-layout-flow wp-block-column-is-layout-flow\"><\/div>\n<\/div>\n<\/div>\n\n\n\n<div style=\"height:40px\" aria-hidden=\"true\" class=\"wp-block-spacer\"><\/div>\n","protected":false},"excerpt":{"rendered":"<p>El\u00e9rhet\u0151s\u00e9gek E-mail info@gyorietouni.hu C\u00edm 9027 Gy\u0151r, Nagys\u00e1ndor J\u00f3zsef u. 31. (ETO Park, 2. emelet)<\/p>\n","protected":false},"author":2,"featured_media":0,"parent":0,"menu_order":0,"comment_status":"closed","ping_status":"closed","template":"","meta":{"ngg_post_thumbnail":0,"footnotes":""},"class_list":["post-1300","page","type-page","status-publish","hentry"],"_links":{"self":[{"href":"https:\/\/gyorietouni.hu\/hu\/wp-json\/wp\/v2\/pages\/1300","targetHints":{"allow":["GET"]}}],"collection":[{"href":"https:\/\/gyorietouni.hu\/hu\/wp-json\/wp\/v2\/pages"}],"about":[{"href":"https:\/\/gyorietouni.hu\/hu\/wp-json\/wp\/v2\/types\/page"}],"author":[{"embeddable":true,"href":"https:\/\/gyorietouni.hu\/hu\/wp-json\/wp\/v2\/users\/2"}],"replies":[{"embeddable":true,"href":"https:\/\/gyorietouni.hu\/hu\/wp-json\/wp\/v2\/comments?post=1300"}],"version-history":[{"count":13,"href":"https:\/\/gyorietouni.hu\/hu\/wp-json\/wp\/v2\/pages\/1300\/revisions"}],"predecessor-version":[{"id":3039,"href":"https:\/\/gyorietouni.hu\/hu\/wp-json\/wp\/v2\/pages\/1300\/revisions\/3039"}],"wp:attachment":[{"href":"https:\/\/gyorietouni.hu\/hu\/wp-json\/wp\/v2\/media?parent=1300"}],"curies":[{"name":"wp","href":"https:\/\/api.w.org\/{rel}","templated":true}]}}