{"id":1293,"date":"2024-08-27T15:05:10","date_gmt":"2024-08-27T13:05:10","guid":{"rendered":"https:\/\/gyorietouni.hu\/?page_id=1293"},"modified":"2026-04-16T12:58:39","modified_gmt":"2026-04-16T10:58:39","slug":"dokumentumok","status":"publish","type":"page","link":"https:\/\/gyorietouni.hu\/hu\/dokumentumok\/","title":{"rendered":"Dokumentumok"},"content":{"rendered":"\n<div class=\"wp-block-group docs-container is-vertical is-content-justification-center is-layout-flex wp-container-core-group-is-layout-3703da4d wp-block-group-is-layout-flex\" style=\"margin-top:var(--wp--preset--spacing--40);margin-bottom:var(--wp--preset--spacing--40)\">\n<div class=\"wp-block-group is-nowrap is-layout-flex wp-container-core-group-is-layout-6c531013 wp-block-group-is-layout-flex\">\n<div data-wp-interactive=\"core\/file\" class=\"wp-block-file\"><object data-wp-bind--hidden=\"!state.hasPdfPreview\" hidden class=\"wp-block-file__embed\" data=\"https:\/\/gyorietouni.hu\/wp-content\/uploads\/2023-2024-TAO-hatarozat-1.pdf\" type=\"application\/pdf\" style=\"width:100%;height:200px\" aria-label=\"2023-2024 TAO hat\u00e1rozat be\u00e1gyaz\u00e1sa\"><\/object><a id=\"wp-block-file--media-3cac0152-37f6-41af-9ce6-9b74e709a0db\" href=\"https:\/\/gyorietouni.hu\/wp-content\/uploads\/2023-2024-TAO-hatarozat-1.pdf\" target=\"_blank\" rel=\"noreferrer noopener\">2023-2024 TAO hat\u00e1rozat<\/a><a href=\"https:\/\/gyorietouni.hu\/wp-content\/uploads\/2023-2024-TAO-hatarozat-1.pdf\" class=\"wp-block-file__button wp-element-button\" download aria-describedby=\"wp-block-file--media-3cac0152-37f6-41af-9ce6-9b74e709a0db\">Let\u00f6lt\u00e9s<\/a><\/div>\n\n\n\n<div data-wp-interactive=\"core\/file\" class=\"wp-block-file\"><object data-wp-bind--hidden=\"!state.hasPdfPreview\" hidden class=\"wp-block-file__embed\" data=\"https:\/\/gyorietouni.hu\/wp-content\/uploads\/2023-2024-TAO-kerelem-1.pdf\" type=\"application\/pdf\" style=\"width:100%;height:200px\" aria-label=\"2023-2024 TAO k\u00e9relem be\u00e1gyaz\u00e1sa\"><\/object><a id=\"wp-block-file--media-51300d50-1883-4052-b559-7e6e4f283f78\" href=\"https:\/\/gyorietouni.hu\/wp-content\/uploads\/2023-2024-TAO-kerelem-1.pdf\" target=\"_blank\" rel=\"noreferrer noopener\">2023-2024 TAO k\u00e9relem<\/a><a href=\"https:\/\/gyorietouni.hu\/wp-content\/uploads\/2023-2024-TAO-kerelem-1.pdf\" class=\"wp-block-file__button wp-element-button\" download aria-describedby=\"wp-block-file--media-51300d50-1883-4052-b559-7e6e4f283f78\">Let\u00f6lt\u00e9s<\/a><\/div>\n<\/div>\n\n\n\n<div class=\"wp-block-group is-nowrap is-layout-flex wp-container-core-group-is-layout-6c531013 wp-block-group-is-layout-flex\">\n<div data-wp-interactive=\"core\/file\" class=\"wp-block-file\"><object data-wp-bind--hidden=\"!state.hasPdfPreview\" hidden class=\"wp-block-file__embed\" data=\"https:\/\/gyorietouni.hu\/wp-content\/uploads\/2024-2025-TAO-hatarozat-1.pdf\" type=\"application\/pdf\" style=\"width:100%;height:200px\" aria-label=\"2024-2025 TAO hat\u00e1rozat be\u00e1gyaz\u00e1sa\"><\/object><a id=\"wp-block-file--media-c8f236f5-41b0-49db-a4cd-7a1b0cd50c8c\" href=\"https:\/\/gyorietouni.hu\/wp-content\/uploads\/2024-2025-TAO-hatarozat-1.pdf\" target=\"_blank\" rel=\"noreferrer noopener\">2024-2025 TAO hat\u00e1rozat<\/a><a href=\"https:\/\/gyorietouni.hu\/wp-content\/uploads\/2024-2025-TAO-hatarozat-1.pdf\" class=\"wp-block-file__button wp-element-button\" download aria-describedby=\"wp-block-file--media-c8f236f5-41b0-49db-a4cd-7a1b0cd50c8c\">Let\u00f6lt\u00e9s<\/a><\/div>\n\n\n\n<div data-wp-interactive=\"core\/file\" class=\"wp-block-file\"><object data-wp-bind--hidden=\"!state.hasPdfPreview\" hidden class=\"wp-block-file__embed\" data=\"https:\/\/gyorietouni.hu\/wp-content\/uploads\/2024-2025-TAO-kerelem-1.pdf\" type=\"application\/pdf\" style=\"width:100%;height:200px\" aria-label=\"2024-2025 TAO k\u00e9relem be\u00e1gyaz\u00e1sa\"><\/object><a id=\"wp-block-file--media-8263062a-62b2-4204-b722-54656c254cd8\" href=\"https:\/\/gyorietouni.hu\/wp-content\/uploads\/2024-2025-TAO-kerelem-1.pdf\" target=\"_blank\" rel=\"noreferrer noopener\">2024-2025 TAO k\u00e9relem<\/a><a href=\"https:\/\/gyorietouni.hu\/wp-content\/uploads\/2024-2025-TAO-kerelem-1.pdf\" class=\"wp-block-file__button wp-element-button\" download aria-describedby=\"wp-block-file--media-8263062a-62b2-4204-b722-54656c254cd8\">Let\u00f6lt\u00e9s<\/a><\/div>\n<\/div>\n\n\n\n<div class=\"wp-block-group is-nowrap is-layout-flex wp-container-core-group-is-layout-6c531013 wp-block-group-is-layout-flex\">\n<div data-wp-interactive=\"core\/file\" class=\"wp-block-file\"><object data-wp-bind--hidden=\"!state.hasPdfPreview\" hidden class=\"wp-block-file__embed\" data=\"https:\/\/gyorietouni.hu\/wp-content\/uploads\/SKM_C251i25052014480.pdf\" type=\"application\/pdf\" style=\"width:100%;height:200px\" aria-label=\"2025-2026 TAO hat\u00e1rozat be\u00e1gyaz\u00e1sa\"><\/object><a id=\"wp-block-file--media-955759bd-578d-4549-94db-39647cd0778f\" href=\"https:\/\/gyorietouni.hu\/wp-content\/uploads\/SKM_C251i25052014480.pdf\" target=\"_blank\" rel=\"noreferrer noopener\">2025-2026 TAO hat\u00e1rozat<\/a><a href=\"https:\/\/gyorietouni.hu\/wp-content\/uploads\/SKM_C251i25052014480.pdf\" class=\"wp-block-file__button wp-element-button\" download aria-describedby=\"wp-block-file--media-955759bd-578d-4549-94db-39647cd0778f\">Let\u00f6lt\u00e9s<\/a><\/div>\n\n\n\n<div data-wp-interactive=\"core\/file\" class=\"wp-block-file\"><object data-wp-bind--hidden=\"!state.hasPdfPreview\" hidden class=\"wp-block-file__embed\" data=\"https:\/\/gyorietouni.hu\/wp-content\/uploads\/sfp_5_2126_20260402113723_6838f9640c5fb2da01bd08dfd40d9727.pdf\" type=\"application\/pdf\" style=\"width:100%;height:200px\" aria-label=\"2026-2027 TAO k\u00e9relem be\u00e1gyaz\u00e1sa\"><\/object><a id=\"wp-block-file--media-75ba52d1-a2a6-420e-b538-338458a0d954\" href=\"https:\/\/gyorietouni.hu\/wp-content\/uploads\/sfp_5_2126_20260402113723_6838f9640c5fb2da01bd08dfd40d9727.pdf\" target=\"_blank\" rel=\"noreferrer noopener\">2026-2027 TAO k\u00e9relem<\/a><a href=\"https:\/\/gyorietouni.hu\/wp-content\/uploads\/sfp_5_2126_20260402113723_6838f9640c5fb2da01bd08dfd40d9727.pdf\" class=\"wp-block-file__button wp-element-button\" download aria-describedby=\"wp-block-file--media-75ba52d1-a2a6-420e-b538-338458a0d954\">Let\u00f6lt\u00e9s<\/a><\/div>\n<\/div>\n\n\n\n<div class=\"wp-block-group is-content-justification-center is-nowrap is-layout-flex wp-container-core-group-is-layout-23441af8 wp-block-group-is-layout-flex\">\n<div data-wp-interactive=\"core\/file\" class=\"wp-block-file\"><object data-wp-bind--hidden=\"!state.hasPdfPreview\" hidden class=\"wp-block-file__embed\" data=\"https:\/\/gyorietouni.hu\/wp-content\/uploads\/signed_20260401151502_ki_JHHIV01_002126_2026_MKSZ_sfp_approval_professional_019d48de-94cd-733a-8075-c0b67cf9549f.pdf\" type=\"application\/pdf\" style=\"width:100%;height:600px\" aria-label=\"2026-2027 TAO hat\u00e1rozat be\u00e1gyaz\u00e1sa\"><\/object><a id=\"wp-block-file--media-c8c42e57-903e-4f5d-96b0-937725120b49\" href=\"https:\/\/gyorietouni.hu\/wp-content\/uploads\/signed_20260401151502_ki_JHHIV01_002126_2026_MKSZ_sfp_approval_professional_019d48de-94cd-733a-8075-c0b67cf9549f.pdf\">2026-2027 TAO hat\u00e1rozat<\/a><a href=\"https:\/\/gyorietouni.hu\/wp-content\/uploads\/signed_20260401151502_ki_JHHIV01_002126_2026_MKSZ_sfp_approval_professional_019d48de-94cd-733a-8075-c0b67cf9549f.pdf\" class=\"wp-block-file__button wp-element-button\" download aria-describedby=\"wp-block-file--media-c8c42e57-903e-4f5d-96b0-937725120b49\">Let\u00f6lt\u00e9s<\/a><\/div>\n<\/div>\n<\/div>\n","protected":false},"excerpt":{"rendered":"","protected":false},"author":4,"featured_media":0,"parent":0,"menu_order":0,"comment_status":"closed","ping_status":"closed","template":"","meta":{"ngg_post_thumbnail":0,"footnotes":""},"class_list":["post-1293","page","type-page","status-publish","hentry"],"_links":{"self":[{"href":"https:\/\/gyorietouni.hu\/hu\/wp-json\/wp\/v2\/pages\/1293","targetHints":{"allow":["GET"]}}],"collection":[{"href":"https:\/\/gyorietouni.hu\/hu\/wp-json\/wp\/v2\/pages"}],"about":[{"href":"https:\/\/gyorietouni.hu\/hu\/wp-json\/wp\/v2\/types\/page"}],"author":[{"embeddable":true,"href":"https:\/\/gyorietouni.hu\/hu\/wp-json\/wp\/v2\/users\/4"}],"replies":[{"embeddable":true,"href":"https:\/\/gyorietouni.hu\/hu\/wp-json\/wp\/v2\/comments?post=1293"}],"version-history":[{"count":8,"href":"https:\/\/gyorietouni.hu\/hu\/wp-json\/wp\/v2\/pages\/1293\/revisions"}],"predecessor-version":[{"id":5380,"href":"https:\/\/gyorietouni.hu\/hu\/wp-json\/wp\/v2\/pages\/1293\/revisions\/5380"}],"wp:attachment":[{"href":"https:\/\/gyorietouni.hu\/hu\/wp-json\/wp\/v2\/media?parent=1293"}],"curies":[{"name":"wp","href":"https:\/\/api.w.org\/{rel}","templated":true}]}}