{"id":606,"date":"2024-08-26T10:06:43","date_gmt":"2024-08-26T08:06:43","guid":{"rendered":"https:\/\/gyorietouni.hu\/?page_id=606"},"modified":"2025-11-17T11:34:35","modified_gmt":"2025-11-17T09:34:35","slug":"jegyinfo","status":"publish","type":"page","link":"https:\/\/gyorietouni.hu\/en\/jegyinfo\/","title":{"rendered":"Jegyek\/ B\u00e9rletek"},"content":{"rendered":"<p><strong> A szezonb\u00e9rletek \u00e9rv\u00e9nyesek a 2025\/2026-os id\u00e9ny NBI-es hazai bajnoki \u00e9s Magyar Kupa m\u00e9rk\u0151z\u00e9seire.<\/strong><\/p>\n\n\n\n<p><strong>Jegyinf\u00f3:<\/strong><\/p>\n\n\n\n<p>A 2025-2026-os szezonban a jegyek egys\u00e9gesen <strong>2.000<\/strong>,-Ft-ba ker\u00fclnek, kiv\u00e9ve az Audi Ar\u00e9n\u00e1ban rendezett m\u00e9rk\u0151z\u00e9sekre, melyekre <strong>3.000<\/strong>,-Ft lesz a bel\u00e9p\u0151.<\/p>\n\n\n\n<p><strong>2025.11.30. (vas\u00e1rnap) 18:00 ETO University Handball Team &#8211; Balatonf\u00fcredi KSE<\/strong><\/p>\n\n\n\n<p> <a href=\"https:\/\/jegymester.hu\/production\/10083412\/magvassy-mihaly-sportcsarnok-eto-university-handball-team-balatonfueredi-kse\/8296401\">https:\/\/jegymester.hu\/production\/10083412\/magvassy-mihaly-sportcsarnok-eto-university-handball-team-balatonfueredi-kse\/8296401<\/a><\/p>\n\n\n\n<p><\/p>\n\n\n\n<p><strong>2025.12.11. (cs\u00fct\u00f6rt\u00f6k) 18:00 ETO University Handball Team &#8211; Carbonex-Koml\u00f3<\/strong><\/p>\n\n\n\n<p><a href=\"https:\/\/jegymester.hu\/production\/10083413\/magvassy-mihaly-sportcsarnok-eto-university-handball-team-carbonex-komlo\/8296402\">https:\/\/jegymester.hu\/production\/10083413\/magvassy-mihaly-sportcsarnok-eto-university-handball-team-carbonex-komlo\/8296402<\/a><\/p>","protected":false},"excerpt":{"rendered":"<p>A szezonb\u00e9rletek \u00e9rv\u00e9nyesek a 2025\/2026-os id\u00e9ny NBI-es hazai bajnoki \u00e9s Magyar Kupa m\u00e9rk\u0151z\u00e9seire. Jegyinf\u00f3: A 2025-2026-os szezonban a jegyek egys\u00e9gesen 2.000,-Ft-ba ker\u00fclnek, kiv\u00e9ve az Audi Ar\u00e9n\u00e1ban rendezett m\u00e9rk\u0151z\u00e9sekre, melyekre 3.000,-Ft lesz a bel\u00e9p\u0151. 2025.11.30. (vas\u00e1rnap) 18:00 ETO University Handball Team &#8211; Balatonf\u00fcredi KSE https:\/\/jegymester.hu\/production\/10083412\/magvassy-mihaly-sportcsarnok-eto-university-handball-team-balatonfueredi-kse\/8296401 2025.12.11. (cs\u00fct\u00f6rt\u00f6k) 18:00 ETO University Handball Team &#8211; Carbonex-Koml\u00f3 https:\/\/jegymester.hu\/production\/10083413\/magvassy-mihaly-sportcsarnok-eto-university-handball-team-carbonex-komlo\/8296402<\/p>","protected":false},"author":2,"featured_media":4058,"parent":0,"menu_order":0,"comment_status":"closed","ping_status":"closed","template":"","meta":{"ngg_post_thumbnail":0,"footnotes":""},"class_list":["post-606","page","type-page","status-publish","has-post-thumbnail","hentry"],"_links":{"self":[{"href":"https:\/\/gyorietouni.hu\/en\/wp-json\/wp\/v2\/pages\/606","targetHints":{"allow":["GET"]}}],"collection":[{"href":"https:\/\/gyorietouni.hu\/en\/wp-json\/wp\/v2\/pages"}],"about":[{"href":"https:\/\/gyorietouni.hu\/en\/wp-json\/wp\/v2\/types\/page"}],"author":[{"embeddable":true,"href":"https:\/\/gyorietouni.hu\/en\/wp-json\/wp\/v2\/users\/2"}],"replies":[{"embeddable":true,"href":"https:\/\/gyorietouni.hu\/en\/wp-json\/wp\/v2\/comments?post=606"}],"version-history":[{"count":72,"href":"https:\/\/gyorietouni.hu\/en\/wp-json\/wp\/v2\/pages\/606\/revisions"}],"predecessor-version":[{"id":4190,"href":"https:\/\/gyorietouni.hu\/en\/wp-json\/wp\/v2\/pages\/606\/revisions\/4190"}],"wp:featuredmedia":[{"embeddable":true,"href":"https:\/\/gyorietouni.hu\/en\/wp-json\/wp\/v2\/media\/4058"}],"wp:attachment":[{"href":"https:\/\/gyorietouni.hu\/en\/wp-json\/wp\/v2\/media?parent=606"}],"curies":[{"name":"wp","href":"https:\/\/api.w.org\/{rel}","templated":true}]}}