{"id":1138,"date":"2024-08-27T13:05:37","date_gmt":"2024-08-27T11:05:37","guid":{"rendered":"https:\/\/gyorietouni.hu\/?page_id=1138"},"modified":"2024-10-21T13:05:45","modified_gmt":"2024-10-21T11:05:45","slug":"esemenyek","status":"publish","type":"page","link":"https:\/\/gyorietouni.hu\/en\/esemenyek\/","title":{"rendered":"Events"},"content":{"rendered":"<div class=\"wp-block-group margin-class has-global-padding is-layout-constrained wp-block-group-is-layout-constrained\">\n<div class=\"wp-block-group is-content-justification-center is-nowrap is-layout-flex wp-container-core-group-is-layout-9817af40 wp-block-group-is-layout-flex\" style=\"padding-right:0;padding-left:0\">\n<figure class=\"wp-block-table is-style-stripes\"><table><thead><tr><th>Date<\/th><th>Event<\/th><th>Location<\/th><th>Home<\/th><th>Away<\/th><\/tr><\/thead><tbody><tr><td>2025.09.05. (p\u00e9ntek) 18:00<\/td><td><strong>1st round<\/strong><br>NBI Men<\/td><td>Magvassy Mih\u00e1ly Sports Hall<br>Gy\u0151r<\/td><td><strong>ETO University HT<\/strong><\/td><td>Csurg\u00f3i KK<\/td><\/tr><tr><td>2025.09.12. (p\u00e9ntek) 18:00<\/td><td><strong>2nd round<\/strong><br>NBI Men<\/td><td>Magvassy Mih\u00e1ly Sports Hall<br>Gy\u0151r<\/td><td><strong>ETO University HT<\/strong><\/td><td>LIQUI MOLY NEKA<\/td><\/tr><tr><td>2025.09.19. (p\u00e9ntek) 18:00<\/td><td><strong>3rd round<\/strong><br>NBI Men<\/td><td>Magvassy Mih\u00e1ly Sports Hall<br>Gy\u0151r<\/td><td><strong>ETO University HT<\/strong><\/td><td>CYEB-Budakal\u00e1sz<\/td><\/tr><tr><td>2025.09.28. (vas\u00e1rnap) 18:00<\/td><td><strong>4th round<\/strong><br>NBI Men<\/td><td>Budapest<\/td><td>FTC-Green Collect<\/td><td><strong>ETO University HT<\/strong><\/td><\/tr><tr><td>2025.10.10. (p\u00e9ntek) 18:00<\/td><td><strong>5th round<\/strong><br>NBI Men<\/td><td>Magvassy Mih\u00e1ly Sports Hall<br>Gy\u0151r<\/td><td><strong>ETO University HT<\/strong><\/td><td>PLER-Budapest<\/td><\/tr><tr><td>2025.10.17. (p\u00e9ntek) 18:30<\/td><td><strong>6th round<\/strong><br>NBI Men<\/td><td>Budapest<\/td><td>Budai Farkasok<\/td><td><strong>ETO University HT<\/strong><\/td><\/tr><tr><td>2025.10.24. (p\u00e9ntek) 18:00<\/td><td><strong>7th round<\/strong><br>NBI Men<\/td><td>Magvassy Mih\u00e1ly Sports Hall<br>Gy\u0151r<\/td><td><strong>ETO University HT<\/strong><\/td><td>HE-DO B BRAUN Gy\u00f6ngy\u00f6s<\/td><\/tr><tr><td>2025.11.08. (szombat) 18:00<\/td><td><strong>8th round<\/strong><br>NBI Men<\/td><td>Tatab\u00e1nya<\/td><td>MOL Tatab\u00e1nya KC<\/td><td><strong>ETO University HT<\/strong><\/td><\/tr><tr><td>2025.11.15. (szombat) 18:00<\/td><td><strong>9th round<\/strong><br>NBI Men<\/td><td>Magvassy Mih\u00e1ly Sports Hall<br>Gy\u0151r<\/td><td><strong>ETO University HT<\/strong><\/td><td>Szigetszentmikl\u00f3si KSK<\/td><\/tr><tr><td>2025.11.23. (vas\u00e1rnap) 18:00<\/td><td><strong>10th round<\/strong><br>NBI Men<\/td><td>Szeged<\/td><td>OTP Bank-PICK Szeged<\/td><td><strong>ETO University HT<\/strong><\/td><\/tr><tr><td>2025.11.30. (vas\u00e1rnap) 18:00<\/td><td><strong>11th round<\/strong><br>NBI Men<\/td><td>Magvassy Mih\u00e1ly Sports Hall<br>Gy\u0151r<\/td><td><strong>ETO University HT<\/strong><\/td><td>Balatonf\u00fcredi KSE<\/td><\/tr><tr><td>2025.12.07. (vas\u00e1rnap) 16:00<\/td><td><strong>12th round<\/strong><br>NBI Men<\/td><td>Veszpr\u00e9m<\/td><td>ONE Veszpr\u00e9m HC<\/td><td><strong>ETO University HT<\/strong><\/td><\/tr><tr><td>2025.12.11. (cs\u00fct\u00f6rt\u00f6k) 18:00<\/td><td><strong>13th round<\/strong><br>NBI Men<\/td><td>Magvassy Mih\u00e1ly Sports Hall<br>Gy\u0151r<\/td><td><strong>ETO University HT<\/strong><\/td><td>Carbonex-Koml\u00f3<\/td><\/tr><tr><td>2026.02.07. (szombat) 18:00<\/td><td><strong>14th round<\/strong><br>NBI Men<\/td><td>Csurg\u00f3<\/td><td>Csurg\u00f3i KK<\/td><td><strong>ETO University HT<\/strong><\/td><\/tr><tr><td>2026.02.14. (szombat) 18:00<\/td><td><strong>15th round<\/strong><br>NBI Men<\/td><td>Balatonbogl\u00e1r<\/td><td>LIQUI MOLY NEKA<\/td><td><strong>ETO University HT<\/strong><\/td><\/tr><tr><td>2026.02.21. (szombat) 17:00<\/td><td><strong>16th round<\/strong><br>NBI Men<\/td><td>Budakal\u00e1sz<\/td><td>CYEB-Budakal\u00e1sz<\/td><td><strong>ETO University HT<\/strong><\/td><\/tr><tr><td>2026.02.28. (szombat) 18:00<\/td><td><strong>17th round<\/strong><br>NBI Men<\/td><td>Magvassy Mih\u00e1ly Sports Hall<br>Gy\u0151r<\/td><td><strong>ETO University HT<\/strong><\/td><td>FTC-Green Collect<\/td><\/tr><tr><td>2026.03.06. (p\u00e9ntek) 18:00<\/td><td><strong>18th round<\/strong><br>NBI Men<\/td><td>Budapest<\/td><td>PLER-Budapest<\/td><td><strong>ETO University HT<\/strong><\/td><\/tr><tr><td>2026.03.13. (p\u00e9ntek) 18:00<\/td><td><strong>19th round<\/strong><br>NBI Men<\/td><td>Magvassy Mih\u00e1ly Sports Hall<br>Gy\u0151r<\/td><td><strong>ETO University HT<\/strong><\/td><td>Budai Farkasok<\/td><\/tr><tr><td>2026.03.27. (p\u00e9ntek) 18:30<\/td><td><strong>20th round<\/strong><br>NBI Men<\/td><td>Gy\u00f6ngy\u00f6s<\/td><td>HE-DO B BRAUN Gy\u00f6ngy\u00f6s<\/td><td><strong>ETO University HT<\/strong><\/td><\/tr><tr><td>2026.04.03. (p\u00e9ntek) 18:00<\/td><td><strong>21th round<\/strong><br>NBI Men<\/td><td>Szigetszentmikl\u00f3s<\/td><td>Szigetszentmikl\u00f3si KSK<\/td><td><strong>ETO University HT<\/strong><\/td><\/tr><tr><td>2026.04.10. (p\u00e9ntek) 18:00<\/td><td><strong>22nd round<\/strong><br>NBI Men<\/td><td>Magvassy Mih\u00e1ly Sports Hall<br>Gy\u0151r<\/td><td><strong>ETO University HT<\/strong><\/td><td>MOL Tatab\u00e1nya KC<\/td><\/tr><tr><td>2026.04.24. (p\u00e9ntek) 18:00<\/td><td><strong>23rd round<\/strong><br>NBI Men<\/td><td>Magvassy Mih\u00e1ly Sports Hall<br>Gy\u0151r<\/td><td><strong>ETO University HT<\/strong><\/td><td>OTP Bank-PICK Szeged<\/td><\/tr><tr><td>2026.05.02. (szombat) 18:00<\/td><td><strong>24th round<\/strong><br>NBI Men<\/td><td>Balatonf\u00fcred<\/td><td>Balatonf\u00fcredi KSE<\/td><td><strong>ETO University HT<\/strong><\/td><\/tr><tr><td>2026.05.10. (vas\u00e1rnap) 18:00<\/td><td><strong>25th round<\/strong><br>NBI Men<\/td><td>Audi Ar\u00e9na Gy\u0151r<\/td><td><strong>ETO University HT<\/strong><\/td><td>ONE Veszpr\u00e9m HC<\/td><\/tr><tr><td>2026.05.23. (szombat) 18:00<\/td><td><strong>26th round<\/strong><br>NBI Men<\/td><td>Koml\u00f3<\/td><td>Carbonex-Koml\u00f3<\/td><td><strong>ETO University HT<\/strong><\/td><\/tr><\/tbody><\/table><\/figure>\n<\/div>\n<\/div>","protected":false},"excerpt":{"rendered":"","protected":false},"author":3,"featured_media":0,"parent":0,"menu_order":0,"comment_status":"closed","ping_status":"closed","template":"","meta":{"ngg_post_thumbnail":0,"footnotes":""},"class_list":["post-1138","page","type-page","status-publish","hentry"],"_links":{"self":[{"href":"https:\/\/gyorietouni.hu\/en\/wp-json\/wp\/v2\/pages\/1138","targetHints":{"allow":["GET"]}}],"collection":[{"href":"https:\/\/gyorietouni.hu\/en\/wp-json\/wp\/v2\/pages"}],"about":[{"href":"https:\/\/gyorietouni.hu\/en\/wp-json\/wp\/v2\/types\/page"}],"author":[{"embeddable":true,"href":"https:\/\/gyorietouni.hu\/en\/wp-json\/wp\/v2\/users\/3"}],"replies":[{"embeddable":true,"href":"https:\/\/gyorietouni.hu\/en\/wp-json\/wp\/v2\/comments?post=1138"}],"version-history":[{"count":1,"href":"https:\/\/gyorietouni.hu\/en\/wp-json\/wp\/v2\/pages\/1138\/revisions"}],"predecessor-version":[{"id":2564,"href":"https:\/\/gyorietouni.hu\/en\/wp-json\/wp\/v2\/pages\/1138\/revisions\/2564"}],"wp:attachment":[{"href":"https:\/\/gyorietouni.hu\/en\/wp-json\/wp\/v2\/media?parent=1138"}],"curies":[{"name":"wp","href":"https:\/\/api.w.org\/{rel}","templated":true}]}}